{"id":393,"date":"2025-03-18T21:00:11","date_gmt":"2025-03-18T20:00:11","guid":{"rendered":"https:\/\/leseditionsduboutdelaville.com\/?post_type=product&#038;p=393"},"modified":"2025-04-15T14:39:14","modified_gmt":"2025-04-15T12:39:14","slug":"mon-evasion","status":"publish","type":"product","link":"https:\/\/leseditionsduboutdelaville.com\/?product=mon-evasion","title":{"rendered":"\u00ab\u00a0Mon \u00e9vasion\u00a0\u00bb"},"content":{"rendered":"<p>\u00ab Une fois dans la rue, je sauterai dans la voiture et nous filerons au galop. Si la sentinelle tire, eh bien, nous n\u2019y pouvons rien. Cela \u00e9chappe \u00e0 nos pr\u00e9visions ; et puis, devant la certitude de mourir en prison, la chose vaut la peine qu\u2019on la risque. \u00bb<\/p>\n","protected":false},"excerpt":{"rendered":"<p>Math\u00e9maticien et g\u00e9ographe, Pierre Kropotkine (1842-1921) est l\u2019un des th\u00e9oriciens essentiels du communisme anarchiste. Incarc\u00e9r\u00e9 \u00e0 plusieurs reprises, il consacre dans\u00a0 ses <em>M\u00e9moires d\u2019un r\u00e9volutionnaire<\/em> de tr\u00e8s belles pages \u00e0 son enfermement dans la forteresse de Saint-P\u00e9tersbourg et \u00e0 sa rocambolesque \u00e9vasion le 30 juin 1876.<br \/>\nCe r\u00e9cit enlev\u00e9 est compl\u00e9t\u00e9 par un texte o\u00f9 l\u2019auteur \u00e9tablit les bases de ce que l\u2019on appelle aujourd\u2019hui \u00ab l\u2019abolitionnisme carc\u00e9ral \u00bb.<\/p>\n","protected":false},"featured_media":183,"template":"","meta":{"_monsterinsights_skip_tracking":false,"_monsterinsights_sitenote_active":false,"_monsterinsights_sitenote_note":"","_monsterinsights_sitenote_category":0},"product_brand":[],"product_cat":[22],"product_tag":[30],"class_list":{"0":"post-393","1":"product","2":"type-product","3":"status-publish","4":"has-post-thumbnail","6":"product_cat-non-classe","7":"product_tag-adresses","9":"first","10":"instock","11":"shipping-taxable","12":"purchasable","13":"product-type-simple"},"aioseo_notices":[],"_links":{"self":[{"href":"https:\/\/leseditionsduboutdelaville.com\/index.php?rest_route=\/wp\/v2\/product\/393","targetHints":{"allow":["GET"]}}],"collection":[{"href":"https:\/\/leseditionsduboutdelaville.com\/index.php?rest_route=\/wp\/v2\/product"}],"about":[{"href":"https:\/\/leseditionsduboutdelaville.com\/index.php?rest_route=\/wp\/v2\/types\/product"}],"wp:featuredmedia":[{"embeddable":true,"href":"https:\/\/leseditionsduboutdelaville.com\/index.php?rest_route=\/wp\/v2\/media\/183"}],"wp:attachment":[{"href":"https:\/\/leseditionsduboutdelaville.com\/index.php?rest_route=%2Fwp%2Fv2%2Fmedia&parent=393"}],"wp:term":[{"taxonomy":"product_brand","embeddable":true,"href":"https:\/\/leseditionsduboutdelaville.com\/index.php?rest_route=%2Fwp%2Fv2%2Fproduct_brand&post=393"},{"taxonomy":"product_cat","embeddable":true,"href":"https:\/\/leseditionsduboutdelaville.com\/index.php?rest_route=%2Fwp%2Fv2%2Fproduct_cat&post=393"},{"taxonomy":"product_tag","embeddable":true,"href":"https:\/\/leseditionsduboutdelaville.com\/index.php?rest_route=%2Fwp%2Fv2%2Fproduct_tag&post=393"}],"curies":[{"name":"wp","href":"https:\/\/api.w.org\/{rel}","templated":true}]}}