{"id":517,"date":"2025-03-18T23:13:31","date_gmt":"2025-03-18T22:13:31","guid":{"rendered":"https:\/\/leseditionsduboutdelaville.com\/?post_type=product&#038;p=517"},"modified":"2025-04-15T14:39:03","modified_gmt":"2025-04-15T12:39:03","slug":"tout-homme-a-droit-au-banquet-de-la-vie","status":"publish","type":"product","link":"https:\/\/leseditionsduboutdelaville.com\/?product=tout-homme-a-droit-au-banquet-de-la-vie","title":{"rendered":"\u00ab\u00a0Tout homme a droit au banquet de la vie\u00a0\u00bb"},"content":{"rendered":"<p><em>\u00ab Le peuple \u00e9volue tous les jours. Voyez-vous qu\u2019instruits de ces v\u00e9rit\u00e9s, tous les meurt-de-faim, tous les gueux, en un mot, toutes vos victimes, s\u2019armant d\u2019une pince-monseigneur, aillent livrer l\u2019assaut \u00e0 vos demeures pour reprendre leurs richesses, qu\u2019ils ont cr\u00e9\u00e9es et que vous leur avez vol\u00e9es. Croyez-vous qu\u2019ils en seraient plus malheureux ? J\u2019ai l\u2019id\u00e9e du contraire. \u00bb<\/em><\/p>\n","protected":false},"excerpt":{"rendered":"<p>\u00ab Le peuple \u00e9volue tous les jours. Voyez-vous qu\u2019instruits de ces v\u00e9rit\u00e9s, tous les meurt-de-faim, tous les gueux, en un mot, toutes vos victimes, s\u2019armant d\u2019une pince-monseigneur, aillent livrer l\u2019assaut \u00e0 vos demeures pour reprendre leurs richesses, qu\u2019ils ont cr\u00e9\u00e9es et que vous leur avez vol\u00e9es. Croyez-vous qu\u2019ils en seraient plus malheureux ? J\u2019ai l\u2019id\u00e9e du contraire. \u00bb<\/p>\n","protected":false},"featured_media":182,"template":"","meta":{"_monsterinsights_skip_tracking":false,"_monsterinsights_sitenote_active":false,"_monsterinsights_sitenote_note":"","_monsterinsights_sitenote_category":0},"product_brand":[],"product_cat":[22],"product_tag":[],"class_list":{"0":"post-517","1":"product","2":"type-product","3":"status-publish","4":"has-post-thumbnail","6":"product_cat-non-classe","8":"first","9":"instock","10":"shipping-taxable","11":"purchasable","12":"product-type-simple"},"aioseo_notices":[],"_links":{"self":[{"href":"https:\/\/leseditionsduboutdelaville.com\/index.php?rest_route=\/wp\/v2\/product\/517","targetHints":{"allow":["GET"]}}],"collection":[{"href":"https:\/\/leseditionsduboutdelaville.com\/index.php?rest_route=\/wp\/v2\/product"}],"about":[{"href":"https:\/\/leseditionsduboutdelaville.com\/index.php?rest_route=\/wp\/v2\/types\/product"}],"wp:featuredmedia":[{"embeddable":true,"href":"https:\/\/leseditionsduboutdelaville.com\/index.php?rest_route=\/wp\/v2\/media\/182"}],"wp:attachment":[{"href":"https:\/\/leseditionsduboutdelaville.com\/index.php?rest_route=%2Fwp%2Fv2%2Fmedia&parent=517"}],"wp:term":[{"taxonomy":"product_brand","embeddable":true,"href":"https:\/\/leseditionsduboutdelaville.com\/index.php?rest_route=%2Fwp%2Fv2%2Fproduct_brand&post=517"},{"taxonomy":"product_cat","embeddable":true,"href":"https:\/\/leseditionsduboutdelaville.com\/index.php?rest_route=%2Fwp%2Fv2%2Fproduct_cat&post=517"},{"taxonomy":"product_tag","embeddable":true,"href":"https:\/\/leseditionsduboutdelaville.com\/index.php?rest_route=%2Fwp%2Fv2%2Fproduct_tag&post=517"}],"curies":[{"name":"wp","href":"https:\/\/api.w.org\/{rel}","templated":true}]}}