{"id":518,"date":"2025-03-18T23:15:19","date_gmt":"2025-03-18T22:15:19","guid":{"rendered":"https:\/\/leseditionsduboutdelaville.com\/?post_type=product&#038;p=518"},"modified":"2025-04-15T14:37:02","modified_gmt":"2025-04-15T12:37:02","slug":"sur-la-sellette-jonathan-delisles-et-marie-laigle","status":"publish","type":"product","link":"https:\/\/leseditionsduboutdelaville.com\/?product=sur-la-sellette-jonathan-delisles-et-marie-laigle","title":{"rendered":"Sur la sellette"},"content":{"rendered":"<p>Depuis 2020, Jonathan Delisle et Marie Laigle s\u2019assoient dans la salle 4 du tribunal de Toulouse pour rendre compte des \u00ab comparutions imm\u00e9diates \u00bb. Cette proc\u00e9dure, aujourd\u2019hui g\u00e9n\u00e9ralis\u00e9e \u00e0 tous les d\u00e9lits, permet de juger une personne en \u00e0 peine vingt minutes et de l\u2019envoyer en prison le soir m\u00eame. Ces chroniques racontent la violence de ces peines qui s\u2019abattent chaque jour sur des pauvres.<\/p>\n","protected":false},"excerpt":{"rendered":"<p>Depuis 2020, Jonathan Delisle et Marie Laigle s\u2019assoient dans la salle 4 du tribunal de Toulouse pour rendre compte des \u00ab comparutions imm\u00e9diates \u00bb. Cette proc\u00e9dure, aujourd\u2019hui g\u00e9n\u00e9ralis\u00e9e \u00e0 tous les d\u00e9lits, permet de juger une personne en \u00e0 peine vingt minutes et de l\u2019envoyer en prison le soir m\u00eame. Ces chroniques racontent la violence de ces peines qui s\u2019abattent chaque jour sur des pauvres.<\/p>\n","protected":false},"featured_media":986,"template":"","meta":{"_monsterinsights_skip_tracking":false,"_monsterinsights_sitenote_active":false,"_monsterinsights_sitenote_note":"","_monsterinsights_sitenote_category":0},"product_brand":[],"product_cat":[22],"product_tag":[],"class_list":{"0":"post-518","1":"product","2":"type-product","3":"status-publish","4":"has-post-thumbnail","6":"product_cat-non-classe","8":"first","9":"instock","10":"shipping-taxable","11":"purchasable","12":"product-type-simple"},"aioseo_notices":[],"_links":{"self":[{"href":"https:\/\/leseditionsduboutdelaville.com\/index.php?rest_route=\/wp\/v2\/product\/518","targetHints":{"allow":["GET"]}}],"collection":[{"href":"https:\/\/leseditionsduboutdelaville.com\/index.php?rest_route=\/wp\/v2\/product"}],"about":[{"href":"https:\/\/leseditionsduboutdelaville.com\/index.php?rest_route=\/wp\/v2\/types\/product"}],"wp:featuredmedia":[{"embeddable":true,"href":"https:\/\/leseditionsduboutdelaville.com\/index.php?rest_route=\/wp\/v2\/media\/986"}],"wp:attachment":[{"href":"https:\/\/leseditionsduboutdelaville.com\/index.php?rest_route=%2Fwp%2Fv2%2Fmedia&parent=518"}],"wp:term":[{"taxonomy":"product_brand","embeddable":true,"href":"https:\/\/leseditionsduboutdelaville.com\/index.php?rest_route=%2Fwp%2Fv2%2Fproduct_brand&post=518"},{"taxonomy":"product_cat","embeddable":true,"href":"https:\/\/leseditionsduboutdelaville.com\/index.php?rest_route=%2Fwp%2Fv2%2Fproduct_cat&post=518"},{"taxonomy":"product_tag","embeddable":true,"href":"https:\/\/leseditionsduboutdelaville.com\/index.php?rest_route=%2Fwp%2Fv2%2Fproduct_tag&post=518"}],"curies":[{"name":"wp","href":"https:\/\/api.w.org\/{rel}","templated":true}]}}