{"id":519,"date":"2025-03-18T23:16:10","date_gmt":"2025-03-18T22:16:10","guid":{"rendered":"https:\/\/leseditionsduboutdelaville.com\/?post_type=product&#038;p=519"},"modified":"2025-04-15T14:36:40","modified_gmt":"2025-04-15T12:36:40","slug":"casse-dalle","status":"publish","type":"product","link":"https:\/\/leseditionsduboutdelaville.com\/?product=casse-dalle","title":{"rendered":"Casse-dalle"},"content":{"rendered":"<p>Alors qu&rsquo;elle fait la tourn\u00e9e des supermarch\u00e9s dans les Ardennes, la star d\u00e9chue d&rsquo;un show t\u00e9l\u00e9 culinaire tombe sur une bande d&rsquo;ouvriers et d&rsquo;ouvri\u00e8res qui occupent leur abattoir laiss\u00e9 \u00e0 l&rsquo;abandon par le patron.<\/p>\n<p>Dans un futur proche \u00e0 peine dystopique, une aventure collective hallucin\u00e9e, un roman noir et jouissif : jusqu&rsquo;o\u00f9 ira la vengeance sociale ?<\/p>\n","protected":false},"excerpt":{"rendered":"<p>Alors qu&rsquo;elle fait la tourn\u00e9e des supermarch\u00e9s dans les Ardennes, la star d\u00e9chue d&rsquo;un show t\u00e9l\u00e9 culinaire tombe sur une bande d&rsquo;ouvriers et d&rsquo;ouvri\u00e8res qui occupent leur abattoir laiss\u00e9 \u00e0 l&rsquo;abandon par le patron. Dans un futur proche \u00e0 peine dystopique, une aventure collective hallucin\u00e9e, un roman noir et jouissif : jusqu&rsquo;o\u00f9 ira la vengeance sociale ?<\/p>\n","protected":false},"featured_media":970,"template":"","meta":{"_monsterinsights_skip_tracking":false,"_monsterinsights_sitenote_active":false,"_monsterinsights_sitenote_note":"","_monsterinsights_sitenote_category":0},"product_brand":[],"product_cat":[22],"product_tag":[],"class_list":{"0":"post-519","1":"product","2":"type-product","3":"status-publish","4":"has-post-thumbnail","6":"product_cat-non-classe","8":"first","9":"instock","10":"shipping-taxable","11":"purchasable","12":"product-type-simple"},"aioseo_notices":[],"_links":{"self":[{"href":"https:\/\/leseditionsduboutdelaville.com\/index.php?rest_route=\/wp\/v2\/product\/519","targetHints":{"allow":["GET"]}}],"collection":[{"href":"https:\/\/leseditionsduboutdelaville.com\/index.php?rest_route=\/wp\/v2\/product"}],"about":[{"href":"https:\/\/leseditionsduboutdelaville.com\/index.php?rest_route=\/wp\/v2\/types\/product"}],"wp:featuredmedia":[{"embeddable":true,"href":"https:\/\/leseditionsduboutdelaville.com\/index.php?rest_route=\/wp\/v2\/media\/970"}],"wp:attachment":[{"href":"https:\/\/leseditionsduboutdelaville.com\/index.php?rest_route=%2Fwp%2Fv2%2Fmedia&parent=519"}],"wp:term":[{"taxonomy":"product_brand","embeddable":true,"href":"https:\/\/leseditionsduboutdelaville.com\/index.php?rest_route=%2Fwp%2Fv2%2Fproduct_brand&post=519"},{"taxonomy":"product_cat","embeddable":true,"href":"https:\/\/leseditionsduboutdelaville.com\/index.php?rest_route=%2Fwp%2Fv2%2Fproduct_cat&post=519"},{"taxonomy":"product_tag","embeddable":true,"href":"https:\/\/leseditionsduboutdelaville.com\/index.php?rest_route=%2Fwp%2Fv2%2Fproduct_tag&post=519"}],"curies":[{"name":"wp","href":"https:\/\/api.w.org\/{rel}","templated":true}]}}