{"id":520,"date":"2025-03-18T23:16:52","date_gmt":"2025-03-18T22:16:52","guid":{"rendered":"https:\/\/leseditionsduboutdelaville.com\/?post_type=product&#038;p=520"},"modified":"2025-04-15T14:20:22","modified_gmt":"2025-04-15T12:20:22","slug":"le-sablier","status":"publish","type":"product","link":"https:\/\/leseditionsduboutdelaville.com\/?product=le-sablier","title":{"rendered":"Le Sablier"},"content":{"rendered":"<p>Socialiste-r\u00e9volutionnaire, Ekaterina Olitska\u00efa est arr\u00eat\u00e9e au lendemain de la R\u00e9volution russe par le nouveau pouvoir bolch\u00e9vique. Au cr\u00e9puscule de sa vie, pour lutter contre l\u2019effacement de l\u2019histoire, elle raconte les trente ann\u00e9es qu\u2019elle a pass\u00e9es dans les camps du Goulag aux c\u00f4t\u00e9s d\u2019innombrables ami\u00b7e\u00b7s r\u00e9volutionnaires.<\/p>\n","protected":false},"excerpt":{"rendered":"<p>Socialiste-r\u00e9volutionnaire, Ekaterina Olitska\u00efa est arr\u00eat\u00e9e au lendemain de la R\u00e9volution russe par le nouveau pouvoir bolch\u00e9vique. Au cr\u00e9puscule de sa vie, pour lutter contre l\u2019effacement de l\u2019histoire, elle raconte les trente ann\u00e9es qu\u2019elle a pass\u00e9es dans les camps du Goulag aux c\u00f4t\u00e9s d\u2019innombrables ami\u00b7e\u00b7s r\u00e9volutionnaires.<\/p>\n","protected":false},"featured_media":973,"template":"","meta":{"_monsterinsights_skip_tracking":false,"_monsterinsights_sitenote_active":false,"_monsterinsights_sitenote_note":"","_monsterinsights_sitenote_category":0},"product_brand":[],"product_cat":[22],"product_tag":[],"class_list":{"0":"post-520","1":"product","2":"type-product","3":"status-publish","4":"has-post-thumbnail","6":"product_cat-non-classe","8":"first","9":"instock","10":"shipping-taxable","11":"purchasable","12":"product-type-simple"},"aioseo_notices":[],"_links":{"self":[{"href":"https:\/\/leseditionsduboutdelaville.com\/index.php?rest_route=\/wp\/v2\/product\/520","targetHints":{"allow":["GET"]}}],"collection":[{"href":"https:\/\/leseditionsduboutdelaville.com\/index.php?rest_route=\/wp\/v2\/product"}],"about":[{"href":"https:\/\/leseditionsduboutdelaville.com\/index.php?rest_route=\/wp\/v2\/types\/product"}],"wp:featuredmedia":[{"embeddable":true,"href":"https:\/\/leseditionsduboutdelaville.com\/index.php?rest_route=\/wp\/v2\/media\/973"}],"wp:attachment":[{"href":"https:\/\/leseditionsduboutdelaville.com\/index.php?rest_route=%2Fwp%2Fv2%2Fmedia&parent=520"}],"wp:term":[{"taxonomy":"product_brand","embeddable":true,"href":"https:\/\/leseditionsduboutdelaville.com\/index.php?rest_route=%2Fwp%2Fv2%2Fproduct_brand&post=520"},{"taxonomy":"product_cat","embeddable":true,"href":"https:\/\/leseditionsduboutdelaville.com\/index.php?rest_route=%2Fwp%2Fv2%2Fproduct_cat&post=520"},{"taxonomy":"product_tag","embeddable":true,"href":"https:\/\/leseditionsduboutdelaville.com\/index.php?rest_route=%2Fwp%2Fv2%2Fproduct_tag&post=520"}],"curies":[{"name":"wp","href":"https:\/\/api.w.org\/{rel}","templated":true}]}}