{"id":522,"date":"2025-03-18T23:17:33","date_gmt":"2025-03-18T22:17:33","guid":{"rendered":"https:\/\/leseditionsduboutdelaville.com\/?post_type=product&#038;p=522"},"modified":"2025-06-03T19:11:30","modified_gmt":"2025-06-03T17:11:30","slug":"blues-in-the-mississippi-night","status":"publish","type":"product","link":"https:\/\/leseditionsduboutdelaville.com\/?product=blues-in-the-mississippi-night","title":{"rendered":"\u00ab\u00a0Blues in the Mississippi night\u00a0\u00bb"},"content":{"rendered":"<p>Le soir o\u00f9 Big Bill Broonzy, Sonny Boy Williamson et Memphis Slim ont r\u00e9pondu \u00e0 la question : \u00ab\u00a0D&rsquo;o\u00f9 vient le blues ?\u00a0\u00bb<\/p>\n<p>Parution le 15 janvier en librairie. Vous pouvez d\u00e8s maintenant le commander ici, livraison garantie d\u00e8s le jour de la sortie en magasin.<\/p>\n","protected":false},"excerpt":{"rendered":"<p>Le soir o\u00f9 Big Bill Broonzy, Sonny Boy Williamson et Memphis Slim ont r\u00e9pondu \u00e0 la question : \u00ab\u00a0D&rsquo;o\u00f9 vient le blues ?\u00a0\u00bb Parution le 15 janvier en librairie. Vous pouvez d\u00e8s maintenant le commander ici, livraison garantie d\u00e8s le jour de la sortie en magasin.<\/p>\n","protected":false},"featured_media":983,"template":"","meta":{"_monsterinsights_skip_tracking":false,"_monsterinsights_sitenote_active":false,"_monsterinsights_sitenote_note":"","_monsterinsights_sitenote_category":0},"product_brand":[],"product_cat":[22],"product_tag":[],"class_list":{"0":"post-522","1":"product","2":"type-product","3":"status-publish","4":"has-post-thumbnail","6":"product_cat-non-classe","8":"first","9":"instock","10":"shipping-taxable","11":"purchasable","12":"product-type-simple"},"aioseo_notices":[],"_links":{"self":[{"href":"https:\/\/leseditionsduboutdelaville.com\/index.php?rest_route=\/wp\/v2\/product\/522","targetHints":{"allow":["GET"]}}],"collection":[{"href":"https:\/\/leseditionsduboutdelaville.com\/index.php?rest_route=\/wp\/v2\/product"}],"about":[{"href":"https:\/\/leseditionsduboutdelaville.com\/index.php?rest_route=\/wp\/v2\/types\/product"}],"wp:featuredmedia":[{"embeddable":true,"href":"https:\/\/leseditionsduboutdelaville.com\/index.php?rest_route=\/wp\/v2\/media\/983"}],"wp:attachment":[{"href":"https:\/\/leseditionsduboutdelaville.com\/index.php?rest_route=%2Fwp%2Fv2%2Fmedia&parent=522"}],"wp:term":[{"taxonomy":"product_brand","embeddable":true,"href":"https:\/\/leseditionsduboutdelaville.com\/index.php?rest_route=%2Fwp%2Fv2%2Fproduct_brand&post=522"},{"taxonomy":"product_cat","embeddable":true,"href":"https:\/\/leseditionsduboutdelaville.com\/index.php?rest_route=%2Fwp%2Fv2%2Fproduct_cat&post=522"},{"taxonomy":"product_tag","embeddable":true,"href":"https:\/\/leseditionsduboutdelaville.com\/index.php?rest_route=%2Fwp%2Fv2%2Fproduct_tag&post=522"}],"curies":[{"name":"wp","href":"https:\/\/api.w.org\/{rel}","templated":true}]}}