{"id":524,"date":"2025-03-18T23:18:49","date_gmt":"2025-03-18T22:18:49","guid":{"rendered":"https:\/\/leseditionsduboutdelaville.com\/?post_type=product&#038;p=524"},"modified":"2025-04-15T14:19:41","modified_gmt":"2025-04-15T12:19:41","slug":"guerillera","status":"publish","type":"product","link":"https:\/\/leseditionsduboutdelaville.com\/?product=guerillera","title":{"rendered":"Gu\u00e9rillera"},"content":{"rendered":"<p>Lourdes Uranga L\u00f3pez na\u00eet en 1940 dans un quartier populaire de Mexico. \u00c9cras\u00e9e par un p\u00e8re autoritaire, mise enceinte tr\u00e8s jeune par un autre tyran domestique, c\u2019est pour combattre le pouvoir et l\u2019injustice qui s\u00e9vissent dans les rues et au sein de son propre foyer qu\u2019elle embrasse le mouvement r\u00e9volutionnaire \u00e0 la fin des ann\u00e9es 1960.<\/p>\n","protected":false},"excerpt":{"rendered":"<p>Lourdes Uranga L\u00f3pez na\u00eet en 1940 dans un quartier populaire de Mexico. \u00c9cras\u00e9e par un p\u00e8re autoritaire, mise enceinte tr\u00e8s jeune par un autre tyran domestique, c\u2019est pour combattre le pouvoir et l\u2019injustice qui s\u00e9vissent dans les rues et au sein de son propre foyer qu\u2019elle embrasse le mouvement r\u00e9volutionnaire \u00e0 la fin des ann\u00e9es 1960.<\/p>\n","protected":false},"featured_media":967,"template":"","meta":{"_monsterinsights_skip_tracking":false,"_monsterinsights_sitenote_active":false,"_monsterinsights_sitenote_note":"","_monsterinsights_sitenote_category":0},"product_brand":[],"product_cat":[22],"product_tag":[],"class_list":{"0":"post-524","1":"product","2":"type-product","3":"status-publish","4":"has-post-thumbnail","6":"product_cat-non-classe","8":"first","9":"instock","10":"shipping-taxable","11":"purchasable","12":"product-type-simple"},"aioseo_notices":[],"_links":{"self":[{"href":"https:\/\/leseditionsduboutdelaville.com\/index.php?rest_route=\/wp\/v2\/product\/524","targetHints":{"allow":["GET"]}}],"collection":[{"href":"https:\/\/leseditionsduboutdelaville.com\/index.php?rest_route=\/wp\/v2\/product"}],"about":[{"href":"https:\/\/leseditionsduboutdelaville.com\/index.php?rest_route=\/wp\/v2\/types\/product"}],"wp:featuredmedia":[{"embeddable":true,"href":"https:\/\/leseditionsduboutdelaville.com\/index.php?rest_route=\/wp\/v2\/media\/967"}],"wp:attachment":[{"href":"https:\/\/leseditionsduboutdelaville.com\/index.php?rest_route=%2Fwp%2Fv2%2Fmedia&parent=524"}],"wp:term":[{"taxonomy":"product_brand","embeddable":true,"href":"https:\/\/leseditionsduboutdelaville.com\/index.php?rest_route=%2Fwp%2Fv2%2Fproduct_brand&post=524"},{"taxonomy":"product_cat","embeddable":true,"href":"https:\/\/leseditionsduboutdelaville.com\/index.php?rest_route=%2Fwp%2Fv2%2Fproduct_cat&post=524"},{"taxonomy":"product_tag","embeddable":true,"href":"https:\/\/leseditionsduboutdelaville.com\/index.php?rest_route=%2Fwp%2Fv2%2Fproduct_tag&post=524"}],"curies":[{"name":"wp","href":"https:\/\/api.w.org\/{rel}","templated":true}]}}