{"id":526,"date":"2025-03-18T23:23:50","date_gmt":"2025-03-18T22:23:50","guid":{"rendered":"https:\/\/leseditionsduboutdelaville.com\/?post_type=product&#038;p=526"},"modified":"2025-03-19T00:08:13","modified_gmt":"2025-03-18T23:08:13","slug":"le-paysan-impossible-nouvelle-edition","status":"publish","type":"product","link":"https:\/\/leseditionsduboutdelaville.com\/?product=le-paysan-impossible-nouvelle-edition","title":{"rendered":"Le Paysan impossible, nouvelle \u00e9dition"},"content":{"rendered":"<div id=\"short_description_block\">\n<div id=\"short_description_content\" class=\"rte align_justify\">\n<p>Yannick Ogor, travailleur de la terre en Bretagne, ancien animateur de la Conf\u00e9d\u00e9ration paysanne, retrace les luttes du monde agricole en France depuis soixante ans, leurs tentatives et leurs impasses. Depuis sa premi\u00e8re parution en 2017, ce livre est devenu une r\u00e9f\u00e9rence.<\/p>\n<\/div>\n<\/div>\n<p id=\"pQuantityAvailable\">\n","protected":false},"excerpt":{"rendered":"<p>Yannick Ogor, travailleur de la terre en Bretagne, ancien animateur de la Conf\u00e9d\u00e9ration paysanne, retrace les luttes du monde agricole en France depuis soixante ans, leurs tentatives et leurs impasses. Depuis sa premi\u00e8re parution en 2017, ce livre est devenu une r\u00e9f\u00e9rence.<\/p>\n","protected":false},"featured_media":188,"template":"","meta":{"_monsterinsights_skip_tracking":false,"_monsterinsights_sitenote_active":false,"_monsterinsights_sitenote_note":"","_monsterinsights_sitenote_category":0},"product_brand":[],"product_cat":[22],"product_tag":[],"class_list":{"0":"post-526","1":"product","2":"type-product","3":"status-publish","4":"has-post-thumbnail","6":"product_cat-non-classe","8":"first","9":"instock","10":"shipping-taxable","11":"purchasable","12":"product-type-simple"},"aioseo_notices":[],"_links":{"self":[{"href":"https:\/\/leseditionsduboutdelaville.com\/index.php?rest_route=\/wp\/v2\/product\/526","targetHints":{"allow":["GET"]}}],"collection":[{"href":"https:\/\/leseditionsduboutdelaville.com\/index.php?rest_route=\/wp\/v2\/product"}],"about":[{"href":"https:\/\/leseditionsduboutdelaville.com\/index.php?rest_route=\/wp\/v2\/types\/product"}],"wp:featuredmedia":[{"embeddable":true,"href":"https:\/\/leseditionsduboutdelaville.com\/index.php?rest_route=\/wp\/v2\/media\/188"}],"wp:attachment":[{"href":"https:\/\/leseditionsduboutdelaville.com\/index.php?rest_route=%2Fwp%2Fv2%2Fmedia&parent=526"}],"wp:term":[{"taxonomy":"product_brand","embeddable":true,"href":"https:\/\/leseditionsduboutdelaville.com\/index.php?rest_route=%2Fwp%2Fv2%2Fproduct_brand&post=526"},{"taxonomy":"product_cat","embeddable":true,"href":"https:\/\/leseditionsduboutdelaville.com\/index.php?rest_route=%2Fwp%2Fv2%2Fproduct_cat&post=526"},{"taxonomy":"product_tag","embeddable":true,"href":"https:\/\/leseditionsduboutdelaville.com\/index.php?rest_route=%2Fwp%2Fv2%2Fproduct_tag&post=526"}],"curies":[{"name":"wp","href":"https:\/\/api.w.org\/{rel}","templated":true}]}}