{"id":527,"date":"2025-03-18T23:25:42","date_gmt":"2025-03-18T22:25:42","guid":{"rendered":"https:\/\/leseditionsduboutdelaville.com\/?post_type=product&#038;p=527"},"modified":"2026-04-03T16:53:09","modified_gmt":"2026-04-03T14:53:09","slug":"depuis-quils-nous-ont-fait-ca","status":"publish","type":"product","link":"https:\/\/leseditionsduboutdelaville.com\/?product=depuis-quils-nous-ont-fait-ca","title":{"rendered":"\u00ab\u00a0Depuis qu&rsquo;ils nous ont fait \u00e7a\u00a0\u00bb"},"content":{"rendered":"<div id=\"short_description_block\">\n<div id=\"short_description_content\" class=\"rte align_justify\">\n<p>Le 30 mars 2017, Angelo Garand, un Voyageur de trente-sept ans, est abattu par une brigade du GIGN pour ne pas avoir r\u00e9int\u00e9gr\u00e9 la prison apr\u00e8s une permission de sortie. Malgr\u00e9 le combat acharn\u00e9 de ses proches, les gendarmes n\u2019ont jamais eu \u00e0 rendre de comptes dans un proc\u00e8s public.<\/p>\n<\/div>\n<\/div>\n<p id=\"pQuantityAvailable\">\n","protected":false},"excerpt":{"rendered":"<p>Le 30 mars 2017, Angelo Garand, un Voyageur de trente-sept ans, est abattu par une brigade du GIGN pour ne pas avoir r\u00e9int\u00e9gr\u00e9 la prison apr\u00e8s une permission de sortie. Malgr\u00e9 le combat acharn\u00e9 de ses proches, les gendarmes n\u2019ont jamais eu \u00e0 rendre de comptes dans un proc\u00e8s public.<\/p>\n","protected":false},"featured_media":181,"template":"","meta":{"_monsterinsights_skip_tracking":false,"_monsterinsights_sitenote_active":false,"_monsterinsights_sitenote_note":"","_monsterinsights_sitenote_category":0},"product_brand":[],"product_cat":[22],"product_tag":[],"class_list":{"0":"post-527","1":"product","2":"type-product","3":"status-publish","4":"has-post-thumbnail","6":"product_cat-non-classe","8":"first","9":"outofstock","10":"shipping-taxable","11":"purchasable","12":"product-type-simple"},"aioseo_notices":[],"_links":{"self":[{"href":"https:\/\/leseditionsduboutdelaville.com\/index.php?rest_route=\/wp\/v2\/product\/527","targetHints":{"allow":["GET"]}}],"collection":[{"href":"https:\/\/leseditionsduboutdelaville.com\/index.php?rest_route=\/wp\/v2\/product"}],"about":[{"href":"https:\/\/leseditionsduboutdelaville.com\/index.php?rest_route=\/wp\/v2\/types\/product"}],"wp:featuredmedia":[{"embeddable":true,"href":"https:\/\/leseditionsduboutdelaville.com\/index.php?rest_route=\/wp\/v2\/media\/181"}],"wp:attachment":[{"href":"https:\/\/leseditionsduboutdelaville.com\/index.php?rest_route=%2Fwp%2Fv2%2Fmedia&parent=527"}],"wp:term":[{"taxonomy":"product_brand","embeddable":true,"href":"https:\/\/leseditionsduboutdelaville.com\/index.php?rest_route=%2Fwp%2Fv2%2Fproduct_brand&post=527"},{"taxonomy":"product_cat","embeddable":true,"href":"https:\/\/leseditionsduboutdelaville.com\/index.php?rest_route=%2Fwp%2Fv2%2Fproduct_cat&post=527"},{"taxonomy":"product_tag","embeddable":true,"href":"https:\/\/leseditionsduboutdelaville.com\/index.php?rest_route=%2Fwp%2Fv2%2Fproduct_tag&post=527"}],"curies":[{"name":"wp","href":"https:\/\/api.w.org\/{rel}","templated":true}]}}