{"id":528,"date":"2025-03-18T23:26:30","date_gmt":"2025-03-18T22:26:30","guid":{"rendered":"https:\/\/leseditionsduboutdelaville.com\/?post_type=product&#038;p=528"},"modified":"2025-04-15T14:19:10","modified_gmt":"2025-04-15T12:19:10","slug":"je-suis-libre-dans-le-perimetre-quon-massigne","status":"publish","type":"product","link":"https:\/\/leseditionsduboutdelaville.com\/?product=je-suis-libre-dans-le-perimetre-quon-massigne","title":{"rendered":"\u00ab\u00a0Je suis libre&#8230; dans le p\u00e9rim\u00e8tre qu&rsquo;on m&rsquo;assigne\u00a0\u00bb"},"content":{"rendered":"<div id=\"short_description_block\">\n<div id=\"short_description_content\" class=\"rte align_justify\">\n<p>\u00ab\u00a0J\u2019ai refait mes comptes. Je suis assign\u00e9 \u00e0 r\u00e9sidence depuis le 24 avril 2008, soit depuis treize ans, dix mois et vingt-trois jours, c\u2019est-\u00e0-dire 5 075 jours. J\u2019ai effectu\u00e9 26 040 pointages au poste de police\u00a0ou de gendarmerie. J\u2019ai parcouru 57 759,8 kilom\u00e8tres, soit pr\u00e8s d\u2019une fois et demi la circonf\u00e9rence de la Terre (40 075 km), tant\u00f4t \u00e0 v\u00e9lo, tant\u00f4t \u00e0 pied.\u00a0\u00bb\u00a0(Kamel Daoudi)<\/p>\n<\/div>\n<\/div>\n<p id=\"pQuantityAvailable\">\n","protected":false},"excerpt":{"rendered":"<p>\u00ab\u00a0J\u2019ai refait mes comptes. Je suis assign\u00e9 \u00e0 r\u00e9sidence depuis le 24 avril 2008, soit depuis treize ans, dix mois et vingt-trois jours, c\u2019est-\u00e0-dire 5 075 jours. J\u2019ai effectu\u00e9 26 040 pointages au poste de police\u00a0ou de gendarmerie. J\u2019ai parcouru 57 759,8 kilom\u00e8tres, soit pr\u00e8s d\u2019une fois et demi la circonf\u00e9rence de la Terre (40 075 km), tant\u00f4t \u00e0 v\u00e9lo, tant\u00f4t \u00e0 pied.\u00a0\u00bb\u00a0(Kamel Daoudi)<\/p>\n","protected":false},"featured_media":180,"template":"","meta":{"_monsterinsights_skip_tracking":false,"_monsterinsights_sitenote_active":false,"_monsterinsights_sitenote_note":"","_monsterinsights_sitenote_category":0},"product_brand":[],"product_cat":[22],"product_tag":[],"class_list":{"0":"post-528","1":"product","2":"type-product","3":"status-publish","4":"has-post-thumbnail","6":"product_cat-non-classe","8":"first","9":"instock","10":"shipping-taxable","11":"purchasable","12":"product-type-simple"},"aioseo_notices":[],"_links":{"self":[{"href":"https:\/\/leseditionsduboutdelaville.com\/index.php?rest_route=\/wp\/v2\/product\/528","targetHints":{"allow":["GET"]}}],"collection":[{"href":"https:\/\/leseditionsduboutdelaville.com\/index.php?rest_route=\/wp\/v2\/product"}],"about":[{"href":"https:\/\/leseditionsduboutdelaville.com\/index.php?rest_route=\/wp\/v2\/types\/product"}],"wp:featuredmedia":[{"embeddable":true,"href":"https:\/\/leseditionsduboutdelaville.com\/index.php?rest_route=\/wp\/v2\/media\/180"}],"wp:attachment":[{"href":"https:\/\/leseditionsduboutdelaville.com\/index.php?rest_route=%2Fwp%2Fv2%2Fmedia&parent=528"}],"wp:term":[{"taxonomy":"product_brand","embeddable":true,"href":"https:\/\/leseditionsduboutdelaville.com\/index.php?rest_route=%2Fwp%2Fv2%2Fproduct_brand&post=528"},{"taxonomy":"product_cat","embeddable":true,"href":"https:\/\/leseditionsduboutdelaville.com\/index.php?rest_route=%2Fwp%2Fv2%2Fproduct_cat&post=528"},{"taxonomy":"product_tag","embeddable":true,"href":"https:\/\/leseditionsduboutdelaville.com\/index.php?rest_route=%2Fwp%2Fv2%2Fproduct_tag&post=528"}],"curies":[{"name":"wp","href":"https:\/\/api.w.org\/{rel}","templated":true}]}}