{"id":536,"date":"2025-03-18T23:32:28","date_gmt":"2025-03-18T22:32:28","guid":{"rendered":"https:\/\/leseditionsduboutdelaville.com\/?post_type=product&#038;p=536"},"modified":"2025-03-18T23:32:28","modified_gmt":"2025-03-18T22:32:28","slug":"dvd-et-nous-jetterons-la-mer-derriere-vous","status":"publish","type":"product","link":"https:\/\/leseditionsduboutdelaville.com\/?product=dvd-et-nous-jetterons-la-mer-derriere-vous","title":{"rendered":"DVD: \u00ab\u00a0Et nous jetterons la mer derri\u00e8re vous\u00a0\u00bb"},"content":{"rendered":"<p>Dans plusieurs pays du Moyen-Orient et de l&rsquo;Asie centrale, on jette de l&rsquo;eau derri\u00e8re celui qui s&rsquo;en va pour qu&rsquo;il revienne en bonne sant\u00e9.<br \/>\nOn les appelle migrants, ka\u00e7ak, metanastes alors qu&rsquo;ils sont Aziz, Sidiqi, Housine.<br \/>\nDu foyer \u00e0 la Gr\u00e8ce en crise et par les rues d&rsquo;Istanbul, nous traversons avec eux ces villes non-lieux et ces zones fronti\u00e8res, grandes comme des pays entiers.<\/p>\n","protected":false},"excerpt":{"rendered":"<p>Dans plusieurs pays du Moyen-Orient et de l&rsquo;Asie centrale, on jette de l&rsquo;eau derri\u00e8re celui qui s&rsquo;en va pour qu&rsquo;il revienne en bonne sant\u00e9. On les appelle migrants, ka\u00e7ak, metanastes alors qu&rsquo;ils sont Aziz, Sidiqi, Housine. Du foyer \u00e0 la Gr\u00e8ce en crise et par les rues d&rsquo;Istanbul, nous traversons avec eux ces villes non-lieux et ces zones fronti\u00e8res, grandes comme des pays entiers.<\/p>\n","protected":false},"featured_media":0,"template":"","meta":{"_monsterinsights_skip_tracking":false,"_monsterinsights_sitenote_active":false,"_monsterinsights_sitenote_note":"","_monsterinsights_sitenote_category":0},"product_brand":[],"product_cat":[22],"product_tag":[],"class_list":{"0":"post-536","1":"product","2":"type-product","3":"status-publish","5":"product_cat-non-classe","7":"first","8":"instock","9":"shipping-taxable","10":"purchasable","11":"product-type-simple"},"aioseo_notices":[],"_links":{"self":[{"href":"https:\/\/leseditionsduboutdelaville.com\/index.php?rest_route=\/wp\/v2\/product\/536","targetHints":{"allow":["GET"]}}],"collection":[{"href":"https:\/\/leseditionsduboutdelaville.com\/index.php?rest_route=\/wp\/v2\/product"}],"about":[{"href":"https:\/\/leseditionsduboutdelaville.com\/index.php?rest_route=\/wp\/v2\/types\/product"}],"wp:attachment":[{"href":"https:\/\/leseditionsduboutdelaville.com\/index.php?rest_route=%2Fwp%2Fv2%2Fmedia&parent=536"}],"wp:term":[{"taxonomy":"product_brand","embeddable":true,"href":"https:\/\/leseditionsduboutdelaville.com\/index.php?rest_route=%2Fwp%2Fv2%2Fproduct_brand&post=536"},{"taxonomy":"product_cat","embeddable":true,"href":"https:\/\/leseditionsduboutdelaville.com\/index.php?rest_route=%2Fwp%2Fv2%2Fproduct_cat&post=536"},{"taxonomy":"product_tag","embeddable":true,"href":"https:\/\/leseditionsduboutdelaville.com\/index.php?rest_route=%2Fwp%2Fv2%2Fproduct_tag&post=536"}],"curies":[{"name":"wp","href":"https:\/\/api.w.org\/{rel}","templated":true}]}}