{"id":537,"date":"2025-03-18T23:33:11","date_gmt":"2025-03-18T22:33:11","guid":{"rendered":"https:\/\/leseditionsduboutdelaville.com\/?post_type=product&#038;p=537"},"modified":"2025-04-15T14:14:52","modified_gmt":"2025-04-15T12:14:52","slug":"nous-nirons-plus-pointer-chez-gaia-jours-de-travails-a-kokopelli","status":"publish","type":"product","link":"https:\/\/leseditionsduboutdelaville.com\/?product=nous-nirons-plus-pointer-chez-gaia-jours-de-travails-a-kokopelli","title":{"rendered":"\u00ab\u00a0Nous n&rsquo;irons plus pointer chez Ga\u00efa. Jours de travails \u00e0 Kokopelli\u00a0\u00bb"},"content":{"rendered":"<p>Essentiellement constitu\u00e9 de t\u00e9moignages, cet ouvrage est l&rsquo;aboutissement d&rsquo;une r\u00e9flexion collective.<\/p>\n<p>Il est le fruit de la solidarit\u00e9 entre des jardini\u00e8res d&rsquo;Ari\u00e8ge et des travailleuse exploit\u00e9es au sein d&rsquo;une asociation \u00ab\u00a0\u00e9colo\u00a0\u00bb, Kokopelli, dont l&rsquo;objet est de diffuser des semences.<\/p>\n","protected":false},"excerpt":{"rendered":"<p>Essentiellement constitu\u00e9 de t\u00e9moignages, cet ouvrage est l&rsquo;aboutissement d&rsquo;une r\u00e9flexion collective. Il est le fruit de la solidarit\u00e9 entre des jardini\u00e8res d&rsquo;Ari\u00e8ge et des travailleuse exploit\u00e9es au sein d&rsquo;une asociation \u00ab\u00a0\u00e9colo\u00a0\u00bb, Kokopelli, dont l&rsquo;objet est de diffuser des semences.<\/p>\n","protected":false},"featured_media":987,"template":"","meta":{"_monsterinsights_skip_tracking":false,"_monsterinsights_sitenote_active":false,"_monsterinsights_sitenote_note":"","_monsterinsights_sitenote_category":0},"product_brand":[],"product_cat":[22],"product_tag":[],"class_list":{"0":"post-537","1":"product","2":"type-product","3":"status-publish","4":"has-post-thumbnail","6":"product_cat-non-classe","8":"first","9":"instock","10":"shipping-taxable","11":"purchasable","12":"product-type-simple"},"aioseo_notices":[],"_links":{"self":[{"href":"https:\/\/leseditionsduboutdelaville.com\/index.php?rest_route=\/wp\/v2\/product\/537","targetHints":{"allow":["GET"]}}],"collection":[{"href":"https:\/\/leseditionsduboutdelaville.com\/index.php?rest_route=\/wp\/v2\/product"}],"about":[{"href":"https:\/\/leseditionsduboutdelaville.com\/index.php?rest_route=\/wp\/v2\/types\/product"}],"wp:featuredmedia":[{"embeddable":true,"href":"https:\/\/leseditionsduboutdelaville.com\/index.php?rest_route=\/wp\/v2\/media\/987"}],"wp:attachment":[{"href":"https:\/\/leseditionsduboutdelaville.com\/index.php?rest_route=%2Fwp%2Fv2%2Fmedia&parent=537"}],"wp:term":[{"taxonomy":"product_brand","embeddable":true,"href":"https:\/\/leseditionsduboutdelaville.com\/index.php?rest_route=%2Fwp%2Fv2%2Fproduct_brand&post=537"},{"taxonomy":"product_cat","embeddable":true,"href":"https:\/\/leseditionsduboutdelaville.com\/index.php?rest_route=%2Fwp%2Fv2%2Fproduct_cat&post=537"},{"taxonomy":"product_tag","embeddable":true,"href":"https:\/\/leseditionsduboutdelaville.com\/index.php?rest_route=%2Fwp%2Fv2%2Fproduct_tag&post=537"}],"curies":[{"name":"wp","href":"https:\/\/api.w.org\/{rel}","templated":true}]}}