{"id":540,"date":"2025-03-18T23:35:21","date_gmt":"2025-03-18T22:35:21","guid":{"rendered":"https:\/\/leseditionsduboutdelaville.com\/?post_type=product&#038;p=540"},"modified":"2025-03-21T00:39:59","modified_gmt":"2025-03-20T23:39:59","slug":"le-menage-des-champs","status":"publish","type":"product","link":"https:\/\/leseditionsduboutdelaville.com\/?product=le-menage-des-champs","title":{"rendered":"Le m\u00e9nage des champs"},"content":{"rendered":"<div id=\"short_description_block\">\n<div id=\"short_description_content\" class=\"rte align_justify\">\n<p>Xavier Noulhianne nous raconte sa vie d&rsquo;\u00e9leveur de ch\u00e8vres et de brebis \u00e0 la mani\u00e8re d&rsquo;un dissident russe pris dans les mailles du syst\u00e8me bureaucratique. Pour comprendre la mise en ordre des champs, ce livre navigue entre r\u00e9cit de vie, th\u00e9orie, histoire, et dessine les contours d&rsquo;une critique sociale dont la port\u00e9e d\u00e9passe celle du monde agricole<\/p>\n<\/div>\n<\/div>\n","protected":false},"excerpt":{"rendered":"<p><strong>Date de sortie : <\/strong>31\/01\/2025<strong><br \/>\n<\/strong><strong>EAN<\/strong> : 9791091108546<br \/>\n360 pages<br \/>\n______<\/p>\n<p><strong>La presse en parle<\/strong><\/p>\n<p>&nbsp;<\/p>\n","protected":false},"featured_media":188,"template":"","meta":{"_monsterinsights_skip_tracking":false,"_monsterinsights_sitenote_active":false,"_monsterinsights_sitenote_note":"","_monsterinsights_sitenote_category":0},"product_brand":[],"product_cat":[22],"product_tag":[],"class_list":{"0":"post-540","1":"product","2":"type-product","3":"status-publish","4":"has-post-thumbnail","6":"product_cat-non-classe","8":"first","9":"instock","10":"shipping-taxable","11":"purchasable","12":"product-type-simple"},"aioseo_notices":[],"_links":{"self":[{"href":"https:\/\/leseditionsduboutdelaville.com\/index.php?rest_route=\/wp\/v2\/product\/540","targetHints":{"allow":["GET"]}}],"collection":[{"href":"https:\/\/leseditionsduboutdelaville.com\/index.php?rest_route=\/wp\/v2\/product"}],"about":[{"href":"https:\/\/leseditionsduboutdelaville.com\/index.php?rest_route=\/wp\/v2\/types\/product"}],"wp:featuredmedia":[{"embeddable":true,"href":"https:\/\/leseditionsduboutdelaville.com\/index.php?rest_route=\/wp\/v2\/media\/188"}],"wp:attachment":[{"href":"https:\/\/leseditionsduboutdelaville.com\/index.php?rest_route=%2Fwp%2Fv2%2Fmedia&parent=540"}],"wp:term":[{"taxonomy":"product_brand","embeddable":true,"href":"https:\/\/leseditionsduboutdelaville.com\/index.php?rest_route=%2Fwp%2Fv2%2Fproduct_brand&post=540"},{"taxonomy":"product_cat","embeddable":true,"href":"https:\/\/leseditionsduboutdelaville.com\/index.php?rest_route=%2Fwp%2Fv2%2Fproduct_cat&post=540"},{"taxonomy":"product_tag","embeddable":true,"href":"https:\/\/leseditionsduboutdelaville.com\/index.php?rest_route=%2Fwp%2Fv2%2Fproduct_tag&post=540"}],"curies":[{"name":"wp","href":"https:\/\/api.w.org\/{rel}","templated":true}]}}